{"id":80,"date":"2022-04-25T18:54:00","date_gmt":"2022-04-25T16:54:00","guid":{"rendered":"http:\/\/fuchsbauwagen.de\/?page_id=80"},"modified":"2025-03-16T08:32:14","modified_gmt":"2025-03-16T07:32:14","slug":"kinder","status":"publish","type":"page","link":"https:\/\/fuchsbauwagen.de\/index.php\/kinder\/","title":{"rendered":"Kinder"},"content":{"rendered":"<div data-colibri-id=\"80-c1\" class=\"style-477 style-local-80-c1 position-relative\">\n  <!---->\n  <div data-colibri-component=\"section\" data-colibri-id=\"80-c2\" id=\"custom\" class=\"h-section h-section-global-spacing d-flex align-items-lg-center align-items-md-center align-items-center style-1228 style-local-80-c2 position-relative\">\n    <!---->\n    <!---->\n    <div class=\"h-section-grid-container h-section-boxed-container\">\n      <!---->\n      <div data-colibri-id=\"80-c3\" class=\"h-row-container gutters-row-lg-1 gutters-row-md-1 gutters-row-0 gutters-row-v-lg-1 gutters-row-v-md-1 gutters-row-v-1 style-1233 style-local-80-c3 position-relative\">\n        <!---->\n        <div class=\"h-row justify-content-lg-center justify-content-md-center justify-content-center align-items-lg-stretch align-items-md-stretch align-items-stretch gutters-col-lg-1 gutters-col-md-1 gutters-col-0 gutters-col-v-lg-1 gutters-col-v-md-1 gutters-col-v-1\">\n          <!---->\n          <div class=\"h-column h-column-container d-flex h-col-lg-auto h-col-md-auto h-col-auto style-1234-outer style-local-80-c4-outer\">\n            <div data-colibri-id=\"80-c4\" class=\"d-flex h-flex-basis h-column__inner h-px-lg-1 h-px-md-1 h-px-1 v-inner-lg-1 v-inner-md-1 v-inner-1 style-1234 style-local-80-c4 position-relative\">\n              <!---->\n              <!---->\n              <div class=\"w-100 h-y-container h-column__content h-column__v-align flex-basis-100 align-self-lg-start align-self-md-start align-self-start\">\n                <!---->\n                <div data-colibri-id=\"80-c5\" class=\"h-text h-text-component style-1213 style-local-80-c5 position-relative h-element\">\n                  <!---->\n                  <!---->\n                  <div class=\"\">\n                    <p>ANGEBOTE F\u00dcR KINDER\n                      <br>\n                    <\/p>\n                  <\/div>\n                <\/div>\n              <\/div>\n            <\/div>\n          <\/div>\n        <\/div>\n      <\/div>\n      <div data-colibri-id=\"80-c6\" class=\"h-row-container gutters-row-lg-1 gutters-row-md-1 gutters-row-0 gutters-row-v-lg-1 gutters-row-v-md-1 gutters-row-v-1 style-1231 style-local-80-c6 position-relative\">\n        <!---->\n        <div class=\"h-row justify-content-lg-center justify-content-md-center justify-content-center align-items-lg-stretch align-items-md-stretch align-items-stretch gutters-col-lg-1 gutters-col-md-1 gutters-col-0 gutters-col-v-lg-1 gutters-col-v-md-1 gutters-col-v-1\">\n          <!---->\n          <div class=\"h-column h-column-container d-flex h-col-lg-auto h-col-md-auto h-col-auto style-1232-outer style-local-80-c7-outer\">\n            <div data-colibri-id=\"80-c7\" class=\"d-flex h-flex-basis h-column__inner h-px-lg-1 h-px-md-1 h-px-1 v-inner-lg-1 v-inner-md-1 v-inner-1 style-1232 style-local-80-c7 position-relative\">\n              <!---->\n              <!---->\n              <div class=\"w-100 h-y-container h-column__content h-column__v-align flex-basis-100 align-self-lg-start align-self-md-start align-self-start\">\n                <!---->\n                <div data-colibri-id=\"80-c8\" class=\"h-text h-text-component style-904 style-local-80-c8 position-relative h-element\">\n                  <!---->\n                  <!---->\n                  <div class=\"\">\n                    <p><em>\u00bbEigentlich braucht jedes Kind drei Dinge\u00ab, sagt der Neurobiologe Prof. Dr. Gerald H\u00fcther in dem Film Kinder!: \u00bbEs braucht Aufgaben, an denen es wachsen kann, es braucht Vorbilder, an denen es sich orientieren kann und es braucht Gemeinschaften, in denen es sich aufgehoben f\u00fchlt.\u00ab<\/em><\/p>\n                  <\/div>\n                <\/div>\n                <div data-colibri-id=\"80-c9\" class=\"h-divider style-1318 style-local-80-c9 position-relative h-element\">\n                  <!----><span class=\"h-divider__line style-1318-line style-local-80-c9-line style-1318-line style-local-80-c9-line\"><\/span><\/div>\n              <\/div>\n            <\/div>\n          <\/div>\n        <\/div>\n      <\/div>\n    <\/div>\n  <\/div>\n  <div data-colibri-component=\"section\" data-colibri-id=\"80-c10\" id=\"kindergeburtstag\" class=\"h-section h-section-global-spacing d-flex align-items-lg-center align-items-md-center align-items-center style-678 style-local-80-c10 position-relative\">\n    <!---->\n    <!---->\n    <div class=\"h-section-grid-container h-section-boxed-container\">\n      <!---->\n      <div data-colibri-id=\"80-c11\" class=\"h-row-container gutters-row-lg-0 gutters-row-md-0 gutters-row-0 gutters-row-v-lg-0 gutters-row-v-md-0 gutters-row-v-0 style-679 style-local-80-c11 position-relative\">\n        <!---->\n        <div class=\"h-row justify-content-lg-center justify-content-md-center justify-content-center align-items-lg-stretch align-items-md-stretch align-items-stretch gutters-col-lg-0 gutters-col-md-0 gutters-col-0 gutters-col-v-lg-0 gutters-col-v-md-0 gutters-col-v-0\">\n          <!---->\n          <div class=\"h-column h-column-container d-flex h-col-lg-auto h-col-md-auto h-col-auto style-680-outer style-local-80-c12-outer\">\n            <div data-colibri-id=\"80-c12\" class=\"d-flex h-flex-basis h-column__inner h-px-lg-2 h-px-md-2 h-px-2 v-inner-lg-2 v-inner-md-2 v-inner-2 style-680 style-local-80-c12 position-relative\">\n              <!---->\n              <!---->\n              <div class=\"w-100 h-y-container h-column__content h-column__v-align flex-basis-100 align-self-lg-start align-self-md-start align-self-start\">\n                <!---->\n                <div data-colibri-id=\"80-c13\" class=\"h-text h-text-component style-1333 style-local-80-c13 position-relative h-element\">\n                  <!---->\n                  <!---->\n                  <div class=\"\">\n                    <p><strong>Kindergeburtstag im Wald<\/strong><\/p>\n                  <\/div>\n                <\/div>\n                <div data-colibri-id=\"80-c14\" class=\"h-text h-text-component style-683 style-local-80-c14 position-relative h-element\">\n                  <!---->\n                  <!---->\n                  <div class=\"\">\n                    <p>\u2026. Im Einklang mit der Natur! Eine echte Alternative zu all den konventionellen Kindergeburtstagsangeboten!<\/p>\n                    <p>In einem zeitlichen Rahmen von 2 &#8211; 2,5 Stunden biete ich verschiedene Themen an.\n                      <br>Die Spiel- und Entdeckerfreude sowie die Wissensvermittlung \u00fcber Wald und Natur kommen dabei nicht zu kurz.<\/p>\n                    <p>Eine Person sollte als Begleitung dabei sein.\n                      <br>\n                    <\/p>\n                    <p>Um diesen Waldgeburtstag in der sch\u00f6nen Natur ausklingen lassen zu k\u00f6nnen, besteht die M\u00f6glichkeit, das Gel\u00e4nde am Fuchsbauwagen zu nutzen. Gegen eine Kaution und einen Unkostenbeitrag steht Dir der Fuchsbauwagen mit Feuerstelle und\n                      Grillutensilien \/ Geschirr zur Verf\u00fcgung.<\/p>\n                    <p>Lebensmittel und Getr\u00e4nke m\u00fcssen selbst mitgebracht werden.\n                      <br>\n                    <\/p>\n                    <p>Die Kosten betragen 130\u20ac f\u00fcr maximal 10 Kinder\n                      <br>\n                    <\/p>\n                    <p>M\u00f6gliche Themen f\u00fcr Waldgeburtstage sind:<\/p>\n                    <ul>\n                      <li>Schnitzeljagd f\u00fcr Schlauf\u00fcchse<\/li>\n                      <li>Wo Fuchs und Hase sich gute Nacht sagen (Tiere des Waldes)\n                        <br>\n                      <\/li>\n                      <li>Wald &#8211; Schatzsuche<\/li>\n                      <li>Kreativwerkstatt Wald<\/li>\n                    <\/ul>\n                    <p>Gerne gehe ich bei der inhaltlichen Gestaltung auf die W\u00fcnsche des Geburtstageskindes ein.<\/p>\n                  <\/div>\n                <\/div>\n              <\/div>\n            <\/div>\n          <\/div>\n          <div class=\"h-column h-column-container d-flex h-col-lg-auto h-col-md-auto h-col-auto style-1447-outer style-local-80-c15-outer\">\n            <div data-colibri-id=\"80-c15\" class=\"d-flex h-flex-basis h-column__inner h-ui-empty-state-container h-px-lg-2 h-px-md-2 h-px-2 v-inner-lg-2 v-inner-md-2 v-inner-2 style-1447 style-local-80-c15 position-relative\">\n              <!---->\n              <!---->\n              <div class=\"w-100 h-y-container h-column__content h-column__v-align flex-basis-100\">\n                <!---->\n              <\/div>\n            <\/div>\n          <\/div>\n          <div class=\"h-column h-column-container d-flex h-col-lg-auto h-col-md-auto h-col-auto style-684-outer style-local-80-c16-outer\">\n            <div data-colibri-id=\"80-c16\" class=\"d-flex h-flex-basis h-column__inner h-ui-empty-state-container h-px-lg-2 h-px-md-2 h-px-2 v-inner-lg-2 v-inner-md-2 v-inner-2 style-684 style-local-80-c16 position-relative\">\n              <!---->\n              <!---->\n              <div class=\"w-100 h-y-container h-column__content h-column__v-align flex-basis-100\">\n                <!---->\n              <\/div>\n            <\/div>\n          <\/div>\n        <\/div>\n      <\/div>\n    <\/div>\n  <\/div>\n<\/div>","protected":false},"excerpt":{"rendered":"<p>ANGEBOTE F\u00dcR KINDER \u00bbEigentlich braucht jedes Kind drei Dinge\u00ab, sagt der Neurobiologe Prof. Dr. Gerald H\u00fcther in dem Film Kinder!: \u00bbEs braucht Aufgaben, an denen es wachsen kann, es braucht Vorbilder, an denen es sich orientieren kann und es braucht Gemeinschaften, in denen es sich aufgehoben f\u00fchlt.\u00ab Kindergeburtstag im Wald \u2026. Im Einklang mit der [&hellip;]<\/p>\n","protected":false},"author":1,"featured_media":0,"parent":0,"menu_order":0,"comment_status":"closed","ping_status":"closed","template":"page-templates\/full-width-page.php","meta":{"footnotes":""},"class_list":["post-80","page","type-page","status-publish","hentry"],"yoast_head":"<!-- This site is optimized with the Yoast SEO plugin v19.10 - https:\/\/yoast.com\/wordpress\/plugins\/seo\/ -->\n<title>Kinder - Fuchsbauwagen<\/title>\n<meta name=\"robots\" content=\"index, follow, max-snippet:-1, max-image-preview:large, max-video-preview:-1\" \/>\n<link rel=\"canonical\" href=\"https:\/\/fuchsbauwagen.de\/index.php\/kinder\/\" \/>\n<meta property=\"og:locale\" content=\"de_DE\" \/>\n<meta property=\"og:type\" content=\"article\" \/>\n<meta property=\"og:title\" content=\"Kinder - Fuchsbauwagen\" \/>\n<meta property=\"og:description\" content=\"ANGEBOTE F\u00dcR KINDER \u00bbEigentlich braucht jedes Kind drei Dinge\u00ab, sagt der Neurobiologe Prof. Dr. Gerald H\u00fcther in dem Film Kinder!: \u00bbEs braucht Aufgaben, an denen es wachsen kann, es braucht Vorbilder, an denen es sich orientieren kann und es braucht Gemeinschaften, in denen es sich aufgehoben f\u00fchlt.\u00ab Kindergeburtstag im Wald \u2026. Im Einklang mit der [&hellip;]\" \/>\n<meta property=\"og:url\" content=\"https:\/\/fuchsbauwagen.de\/index.php\/kinder\/\" \/>\n<meta property=\"og:site_name\" content=\"Fuchsbauwagen\" \/>\n<meta property=\"article:modified_time\" content=\"2025-03-16T07:32:14+00:00\" \/>\n<meta name=\"twitter:card\" content=\"summary_large_image\" \/>\n<meta name=\"twitter:label1\" content=\"Gesch\u00e4tzte Lesezeit\" \/>\n\t<meta name=\"twitter:data1\" content=\"1\u00a0Minute\" \/>\n<script type=\"application\/ld+json\" class=\"yoast-schema-graph\">{\"@context\":\"https:\/\/schema.org\",\"@graph\":[{\"@type\":\"WebPage\",\"@id\":\"https:\/\/fuchsbauwagen.de\/index.php\/kinder\/\",\"url\":\"https:\/\/fuchsbauwagen.de\/index.php\/kinder\/\",\"name\":\"Kinder - Fuchsbauwagen\",\"isPartOf\":{\"@id\":\"https:\/\/fuchsbauwagen.de\/#website\"},\"datePublished\":\"2022-04-25T16:54:00+00:00\",\"dateModified\":\"2025-03-16T07:32:14+00:00\",\"breadcrumb\":{\"@id\":\"https:\/\/fuchsbauwagen.de\/index.php\/kinder\/#breadcrumb\"},\"inLanguage\":\"de\",\"potentialAction\":[{\"@type\":\"ReadAction\",\"target\":[\"https:\/\/fuchsbauwagen.de\/index.php\/kinder\/\"]}]},{\"@type\":\"BreadcrumbList\",\"@id\":\"https:\/\/fuchsbauwagen.de\/index.php\/kinder\/#breadcrumb\",\"itemListElement\":[{\"@type\":\"ListItem\",\"position\":1,\"name\":\"Startseite\",\"item\":\"https:\/\/fuchsbauwagen.de\/\"},{\"@type\":\"ListItem\",\"position\":2,\"name\":\"Kinder\"}]},{\"@type\":\"WebSite\",\"@id\":\"https:\/\/fuchsbauwagen.de\/#website\",\"url\":\"https:\/\/fuchsbauwagen.de\/\",\"name\":\"Fuchsbauwagen\",\"description\":\"\",\"publisher\":{\"@id\":\"https:\/\/fuchsbauwagen.de\/#organization\"},\"potentialAction\":[{\"@type\":\"SearchAction\",\"target\":{\"@type\":\"EntryPoint\",\"urlTemplate\":\"https:\/\/fuchsbauwagen.de\/?s={search_term_string}\"},\"query-input\":\"required name=search_term_string\"}],\"inLanguage\":\"de\"},{\"@type\":\"Organization\",\"@id\":\"https:\/\/fuchsbauwagen.de\/#organization\",\"name\":\"Fuchsbauwagen\",\"url\":\"https:\/\/fuchsbauwagen.de\/\",\"logo\":{\"@type\":\"ImageObject\",\"inLanguage\":\"de\",\"@id\":\"https:\/\/fuchsbauwagen.de\/#\/schema\/logo\/image\/\",\"url\":\"https:\/\/i0.wp.com\/fuchsbauwagen.de\/wp-content\/uploads\/2022\/04\/fuchs-removebg-preview-3.png?fit=237%2C167&ssl=1\",\"contentUrl\":\"https:\/\/i0.wp.com\/fuchsbauwagen.de\/wp-content\/uploads\/2022\/04\/fuchs-removebg-preview-3.png?fit=237%2C167&ssl=1\",\"width\":237,\"height\":167,\"caption\":\"Fuchsbauwagen\"},\"image\":{\"@id\":\"https:\/\/fuchsbauwagen.de\/#\/schema\/logo\/image\/\"}}]}<\/script>\n<!-- \/ Yoast SEO plugin. -->","yoast_head_json":{"title":"Kinder - Fuchsbauwagen","robots":{"index":"index","follow":"follow","max-snippet":"max-snippet:-1","max-image-preview":"max-image-preview:large","max-video-preview":"max-video-preview:-1"},"canonical":"https:\/\/fuchsbauwagen.de\/index.php\/kinder\/","og_locale":"de_DE","og_type":"article","og_title":"Kinder - Fuchsbauwagen","og_description":"ANGEBOTE F\u00dcR KINDER \u00bbEigentlich braucht jedes Kind drei Dinge\u00ab, sagt der Neurobiologe Prof. Dr. Gerald H\u00fcther in dem Film Kinder!: \u00bbEs braucht Aufgaben, an denen es wachsen kann, es braucht Vorbilder, an denen es sich orientieren kann und es braucht Gemeinschaften, in denen es sich aufgehoben f\u00fchlt.\u00ab Kindergeburtstag im Wald \u2026. Im Einklang mit der [&hellip;]","og_url":"https:\/\/fuchsbauwagen.de\/index.php\/kinder\/","og_site_name":"Fuchsbauwagen","article_modified_time":"2025-03-16T07:32:14+00:00","twitter_card":"summary_large_image","twitter_misc":{"Gesch\u00e4tzte Lesezeit":"1\u00a0Minute"},"schema":{"@context":"https:\/\/schema.org","@graph":[{"@type":"WebPage","@id":"https:\/\/fuchsbauwagen.de\/index.php\/kinder\/","url":"https:\/\/fuchsbauwagen.de\/index.php\/kinder\/","name":"Kinder - Fuchsbauwagen","isPartOf":{"@id":"https:\/\/fuchsbauwagen.de\/#website"},"datePublished":"2022-04-25T16:54:00+00:00","dateModified":"2025-03-16T07:32:14+00:00","breadcrumb":{"@id":"https:\/\/fuchsbauwagen.de\/index.php\/kinder\/#breadcrumb"},"inLanguage":"de","potentialAction":[{"@type":"ReadAction","target":["https:\/\/fuchsbauwagen.de\/index.php\/kinder\/"]}]},{"@type":"BreadcrumbList","@id":"https:\/\/fuchsbauwagen.de\/index.php\/kinder\/#breadcrumb","itemListElement":[{"@type":"ListItem","position":1,"name":"Startseite","item":"https:\/\/fuchsbauwagen.de\/"},{"@type":"ListItem","position":2,"name":"Kinder"}]},{"@type":"WebSite","@id":"https:\/\/fuchsbauwagen.de\/#website","url":"https:\/\/fuchsbauwagen.de\/","name":"Fuchsbauwagen","description":"","publisher":{"@id":"https:\/\/fuchsbauwagen.de\/#organization"},"potentialAction":[{"@type":"SearchAction","target":{"@type":"EntryPoint","urlTemplate":"https:\/\/fuchsbauwagen.de\/?s={search_term_string}"},"query-input":"required name=search_term_string"}],"inLanguage":"de"},{"@type":"Organization","@id":"https:\/\/fuchsbauwagen.de\/#organization","name":"Fuchsbauwagen","url":"https:\/\/fuchsbauwagen.de\/","logo":{"@type":"ImageObject","inLanguage":"de","@id":"https:\/\/fuchsbauwagen.de\/#\/schema\/logo\/image\/","url":"https:\/\/i0.wp.com\/fuchsbauwagen.de\/wp-content\/uploads\/2022\/04\/fuchs-removebg-preview-3.png?fit=237%2C167&ssl=1","contentUrl":"https:\/\/i0.wp.com\/fuchsbauwagen.de\/wp-content\/uploads\/2022\/04\/fuchs-removebg-preview-3.png?fit=237%2C167&ssl=1","width":237,"height":167,"caption":"Fuchsbauwagen"},"image":{"@id":"https:\/\/fuchsbauwagen.de\/#\/schema\/logo\/image\/"}}]}},"jetpack_sharing_enabled":true,"_links":{"self":[{"href":"https:\/\/fuchsbauwagen.de\/index.php\/wp-json\/wp\/v2\/pages\/80","targetHints":{"allow":["GET"]}}],"collection":[{"href":"https:\/\/fuchsbauwagen.de\/index.php\/wp-json\/wp\/v2\/pages"}],"about":[{"href":"https:\/\/fuchsbauwagen.de\/index.php\/wp-json\/wp\/v2\/types\/page"}],"author":[{"embeddable":true,"href":"https:\/\/fuchsbauwagen.de\/index.php\/wp-json\/wp\/v2\/users\/1"}],"replies":[{"embeddable":true,"href":"https:\/\/fuchsbauwagen.de\/index.php\/wp-json\/wp\/v2\/comments?post=80"}],"version-history":[{"count":20,"href":"https:\/\/fuchsbauwagen.de\/index.php\/wp-json\/wp\/v2\/pages\/80\/revisions"}],"predecessor-version":[{"id":3327,"href":"https:\/\/fuchsbauwagen.de\/index.php\/wp-json\/wp\/v2\/pages\/80\/revisions\/3327"}],"wp:attachment":[{"href":"https:\/\/fuchsbauwagen.de\/index.php\/wp-json\/wp\/v2\/media?parent=80"}],"curies":[{"name":"wp","href":"https:\/\/api.w.org\/{rel}","templated":true}]}}