{"id":660,"date":"2022-04-26T16:45:43","date_gmt":"2022-04-26T14:45:43","guid":{"rendered":"http:\/\/fuchsbauwagen.de\/?page_id=660"},"modified":"2022-11-29T09:12:38","modified_gmt":"2022-11-29T08:12:38","slug":"erwachsene","status":"publish","type":"page","link":"https:\/\/fuchsbauwagen.de\/index.php\/erwachsene\/","title":{"rendered":"Erwachsene"},"content":{"rendered":"<div data-colibri-id=\"660-c1\" class=\"style-948 style-local-660-c1 position-relative\">\n  <!---->\n  <div data-colibri-component=\"section\" data-colibri-id=\"660-c2\" id=\"custom\" class=\"h-section h-section-global-spacing d-flex align-items-lg-center align-items-md-center align-items-center style-1221 style-local-660-c2 position-relative\">\n    <!---->\n    <!---->\n    <div class=\"h-section-grid-container h-section-boxed-container\">\n      <!---->\n      <div data-colibri-id=\"660-c3\" class=\"h-row-container gutters-row-lg-0 gutters-row-md-0 gutters-row-0 gutters-row-v-lg-0 gutters-row-v-md-0 gutters-row-v-0 style-1224 style-local-660-c3 position-relative\">\n        <!---->\n        <div class=\"h-row justify-content-lg-center justify-content-md-center justify-content-center align-items-lg-stretch align-items-md-stretch align-items-stretch gutters-col-lg-0 gutters-col-md-0 gutters-col-0 gutters-col-v-lg-0 gutters-col-v-md-0 gutters-col-v-0\">\n          <!---->\n          <div class=\"h-column h-column-container d-flex h-col-lg-auto h-col-md-auto h-col-auto style-1225-outer style-local-660-c4-outer\">\n            <div data-colibri-id=\"660-c4\" class=\"d-flex h-flex-basis h-column__inner h-px-lg-0 h-px-md-0 h-px-0 v-inner-lg-0 v-inner-md-0 v-inner-0 style-1225 style-local-660-c4 position-relative\">\n              <!---->\n              <!---->\n              <div class=\"w-100 h-y-container h-column__content h-column__v-align flex-basis-100 align-self-lg-start align-self-md-start align-self-start\">\n                <!---->\n                <div data-colibri-id=\"660-c5\" class=\"h-text h-text-component style-1081 style-local-660-c5 position-relative h-element\">\n                  <!---->\n                  <!---->\n                  <div class=\"\">\n                    <p>ANGEBOTE F\u00dcR ERWACHSENE\n                      <br>\n                    <\/p>\n                  <\/div>\n                <\/div>\n              <\/div>\n            <\/div>\n          <\/div>\n        <\/div>\n      <\/div>\n      <div data-colibri-id=\"660-c6\" class=\"h-row-container gutters-row-lg-0 gutters-row-md-0 gutters-row-0 gutters-row-v-lg-0 gutters-row-v-md-0 gutters-row-v-0 style-1226 style-local-660-c6 position-relative\">\n        <!---->\n        <div class=\"h-row justify-content-lg-center justify-content-md-center justify-content-center align-items-lg-stretch align-items-md-stretch align-items-stretch gutters-col-lg-0 gutters-col-md-0 gutters-col-0 gutters-col-v-lg-0 gutters-col-v-md-0 gutters-col-v-0\">\n          <!---->\n          <div class=\"h-column h-column-container d-flex h-col-lg-auto h-col-md-auto h-col-auto style-1227-outer style-local-660-c7-outer\">\n            <div data-colibri-id=\"660-c7\" class=\"d-flex h-flex-basis h-column__inner h-px-lg-2 h-px-md-2 h-px-2 v-inner-lg-2 v-inner-md-2 v-inner-2 style-1227 style-local-660-c7 position-relative\">\n              <!---->\n              <!---->\n              <div class=\"w-100 h-y-container h-column__content h-column__v-align flex-basis-100 align-self-lg-start align-self-md-start align-self-start\">\n                <!---->\n                <div data-colibri-id=\"660-c8\" class=\"h-text h-text-component style-965 style-local-660-c8 position-relative h-element\">\n                  <!---->\n                  <!---->\n                  <div class=\"\">\n                    <p>\u201e<em>Der Wald geh\u00f6rt zu den besten Tankstellen, wo man seine Batterie wieder aufladen kann.\u201c Ernst Ferstl<\/em><\/p>\n                  <\/div>\n                <\/div>\n              <\/div>\n            <\/div>\n          <\/div>\n        <\/div>\n      <\/div>\n      <div data-colibri-id=\"660-c9\" class=\"h-row-container gutters-row-lg-0 gutters-row-md-0 gutters-row-0 gutters-row-v-lg-0 gutters-row-v-md-0 gutters-row-v-0 style-1303 style-local-660-c9 position-relative\">\n        <!---->\n        <div class=\"h-row justify-content-lg-center justify-content-md-center justify-content-center align-items-lg-stretch align-items-md-stretch align-items-stretch gutters-col-lg-0 gutters-col-md-0 gutters-col-0 gutters-col-v-lg-0 gutters-col-v-md-0 gutters-col-v-0\">\n          <!---->\n          <div class=\"h-column h-column-container d-flex h-col-lg-auto h-col-md-auto h-col-auto style-1304-outer style-local-660-c10-outer\">\n            <div data-colibri-id=\"660-c10\" class=\"d-flex h-flex-basis h-column__inner h-px-lg-0 h-px-md-0 h-px-0 v-inner-lg-0 v-inner-md-0 v-inner-0 style-1304 style-local-660-c10 position-relative\">\n              <!---->\n              <!---->\n              <div class=\"w-100 h-y-container h-column__content h-column__v-align flex-basis-100 align-self-lg-start align-self-md-start align-self-start\">\n                <!---->\n                <div data-colibri-id=\"660-c11\" class=\"h-divider style-1302 style-local-660-c11 position-relative h-element\">\n                  <!----><span class=\"h-divider__line style-1302-line style-local-660-c11-line style-1302-line style-local-660-c11-line\"><\/span><\/div>\n              <\/div>\n            <\/div>\n          <\/div>\n        <\/div>\n      <\/div>\n    <\/div>\n  <\/div>\n  <div data-colibri-component=\"section\" data-colibri-id=\"660-c12\" id=\"teamtage\" class=\"h-section h-section-global-spacing d-flex align-items-lg-center align-items-md-center align-items-center style-949 style-local-660-c12 position-relative\">\n    <!---->\n    <!---->\n    <div class=\"h-section-grid-container h-section-boxed-container\">\n      <!---->\n      <div data-colibri-id=\"660-c13\" class=\"h-row-container gutters-row-lg-0 gutters-row-md-0 gutters-row-0 gutters-row-v-lg-0 gutters-row-v-md-0 gutters-row-v-0 style-950 style-local-660-c13 position-relative\">\n        <!---->\n        <div class=\"h-row justify-content-lg-center justify-content-md-center justify-content-center align-items-lg-stretch align-items-md-stretch align-items-stretch gutters-col-lg-0 gutters-col-md-0 gutters-col-0 gutters-col-v-lg-0 gutters-col-v-md-0 gutters-col-v-0\">\n          <!---->\n          <div class=\"h-column h-column-container d-flex h-col-lg-auto h-col-md-auto h-col-auto style-951-outer style-local-660-c14-outer\">\n            <div data-colibri-id=\"660-c14\" class=\"d-flex h-flex-basis h-column__inner h-px-lg-3 h-px-md-3 h-px-3 v-inner-lg-3 v-inner-md-3 v-inner-3 style-951 style-local-660-c14 position-relative\">\n              <!---->\n              <!---->\n              <div class=\"w-100 h-y-container h-column__content h-column__v-align flex-basis-100 align-self-lg-start align-self-md-start align-self-start\">\n                <!---->\n                <div data-colibri-id=\"660-c15\" class=\"h-text h-text-component style-1334 style-local-660-c15 position-relative h-element\">\n                  <!---->\n                  <!---->\n                  <div class=\"\">\n                    <p><strong>Teamtage<\/strong><\/p>\n                  <\/div>\n                <\/div>\n                <div data-colibri-id=\"660-c16\" class=\"h-text h-text-component style-954 style-local-660-c16 position-relative h-element\">\n                  <!---->\n                  <!---->\n                  <div class=\"\">\n                    <p>Den Arbeitsalltag einmal hinter sich lassen und gemeinsam die Freude am Drau\u00dfensein teilen.<\/p>\n                    <p>Ich begleite Euch gerne mit einem abwechslungsreichen Programm durch den Wald, anschliessend kann das Gel\u00e4nde am Fuchsbauwagen (Picknick, Grillen, etc.) genutzt werden.\n                      <br>\n                    <\/p>\n                  <\/div>\n                <\/div>\n              <\/div>\n            <\/div>\n          <\/div>\n          <div class=\"h-column h-column-container d-flex h-col-lg-auto h-col-md-auto h-col-auto style-955-outer style-local-660-c17-outer\">\n            <div data-colibri-id=\"660-c17\" class=\"d-flex h-flex-basis h-column__inner h-ui-empty-state-container h-px-lg-2 h-px-md-2 h-px-2 v-inner-lg-2 v-inner-md-2 v-inner-2 style-955 style-local-660-c17 position-relative\">\n              <!---->\n              <!---->\n              <div class=\"w-100 h-y-container h-column__content h-column__v-align flex-basis-100\">\n                <!---->\n              <\/div>\n            <\/div>\n          <\/div>\n        <\/div>\n      <\/div>\n    <\/div>\n  <\/div>\n  <div data-colibri-component=\"section\" data-colibri-id=\"660-c18\" id=\"teamtraining\" class=\"h-section h-section-global-spacing d-flex align-items-lg-center align-items-md-center align-items-center style-956 style-local-660-c18 position-relative\">\n    <!---->\n    <!---->\n    <div class=\"h-section-grid-container h-section-boxed-container\">\n      <!---->\n      <div data-colibri-id=\"660-c19\" class=\"h-row-container gutters-row-lg-0 gutters-row-md-0 gutters-row-0 gutters-row-v-lg-0 gutters-row-v-md-0 gutters-row-v-0 style-957 style-local-660-c19 position-relative\">\n        <!---->\n        <div class=\"h-row justify-content-lg-center justify-content-md-center justify-content-center align-items-lg-stretch align-items-md-stretch align-items-stretch gutters-col-lg-0 gutters-col-md-0 gutters-col-0 gutters-col-v-lg-0 gutters-col-v-md-0 gutters-col-v-0\">\n          <!---->\n          <div class=\"h-column h-column-container d-flex h-col-lg-auto h-col-md-auto h-col-auto style-958-outer style-local-660-c20-outer\">\n            <div data-colibri-id=\"660-c20\" class=\"d-flex h-flex-basis h-column__inner h-ui-empty-state-container h-px-lg-0 h-px-md-0 h-px-0 v-inner-lg-0 v-inner-md-0 v-inner-0 style-958 style-local-660-c20 position-relative\">\n              <!---->\n              <!---->\n              <div class=\"w-100 h-y-container h-column__content h-column__v-align flex-basis-100\">\n                <!---->\n              <\/div>\n            <\/div>\n          <\/div>\n          <div class=\"h-column h-column-container d-flex h-col-lg-auto h-col-md-auto h-col-auto style-959-outer style-local-660-c21-outer\">\n            <div data-colibri-id=\"660-c21\" class=\"d-flex h-flex-basis h-column__inner h-px-lg-3 h-px-md-3 h-px-3 v-inner-lg-3 v-inner-md-3 v-inner-3 style-959 style-local-660-c21 position-relative\">\n              <!---->\n              <!---->\n              <div class=\"w-100 h-y-container h-column__content h-column__v-align flex-basis-100 align-self-lg-start align-self-md-start align-self-start\">\n                <!---->\n                <div data-colibri-id=\"660-c22\" class=\"h-text h-text-component style-1335 style-local-660-c22 position-relative h-element\">\n                  <!---->\n                  <!---->\n                  <div class=\"\">\n                    <p><strong>Teamtraining<\/strong><\/p>\n                  <\/div>\n                <\/div>\n                <div data-colibri-id=\"660-c23\" class=\"h-text h-text-component style-962 style-local-660-c23 position-relative h-element\">\n                  <!---->\n                  <!---->\n                  <div class=\"\">\n                    <p>Kooperatives Teamtrainig um die Menschen, mit denen der Arbeitsalltag bestritten wird besser kennen zu lernen um so Arbeitsprozesse besser bew\u00e4ltigen zu k\u00f6nnen.<\/p>\n                    <p>Zeit f\u00fcr gute Gespr\u00e4che, Spa\u00df und um die Natur zu genie\u00dfen sollen dabei nicht zu kurz kommen.\n                      <br>\n                    <\/p>\n                    <p>Feuerstelle am Fuchsbauwagen zubuchen und nutzen.<\/p>\n                    <p>\n                      <u>M\u00f6gliche Elemente:<\/u>\n                    <\/p>\n                    <ul>\n                      <li>Baumpflanzen als Koop spiel<\/li>\n                      <li>Br\u00fccken bauen<\/li>\n                      <li>Kommunikation<\/li>\n                      <li>F\u00fchren und f\u00fchren lassen<\/li>\n                    <\/ul>\n                  <\/div>\n                <\/div>\n              <\/div>\n            <\/div>\n          <\/div>\n        <\/div>\n      <\/div>\n    <\/div>\n  <\/div>\n<\/div>","protected":false},"excerpt":{"rendered":"<p>ANGEBOTE F\u00dcR ERWACHSENE \u201eDer Wald geh\u00f6rt zu den besten Tankstellen, wo man seine Batterie wieder aufladen kann.\u201c Ernst Ferstl Teamtage Den Arbeitsalltag einmal hinter sich lassen und gemeinsam die Freude am Drau\u00dfensein teilen. Ich begleite Euch gerne mit einem abwechslungsreichen Programm durch den Wald, anschliessend kann das Gel\u00e4nde am Fuchsbauwagen (Picknick, Grillen, etc.) genutzt werden. [&hellip;]<\/p>\n","protected":false},"author":1,"featured_media":0,"parent":0,"menu_order":0,"comment_status":"closed","ping_status":"closed","template":"page-templates\/full-width-page.php","meta":{"footnotes":""},"class_list":["post-660","page","type-page","status-publish","hentry"],"yoast_head":"<!-- This site is optimized with the Yoast SEO plugin v19.10 - https:\/\/yoast.com\/wordpress\/plugins\/seo\/ -->\n<title>Erwachsene - Fuchsbauwagen<\/title>\n<meta name=\"robots\" content=\"index, follow, max-snippet:-1, max-image-preview:large, max-video-preview:-1\" \/>\n<link rel=\"canonical\" href=\"https:\/\/fuchsbauwagen.de\/index.php\/erwachsene\/\" \/>\n<meta property=\"og:locale\" content=\"de_DE\" \/>\n<meta property=\"og:type\" content=\"article\" \/>\n<meta property=\"og:title\" content=\"Erwachsene - Fuchsbauwagen\" \/>\n<meta property=\"og:description\" content=\"ANGEBOTE F\u00dcR ERWACHSENE \u201eDer Wald geh\u00f6rt zu den besten Tankstellen, wo man seine Batterie wieder aufladen kann.\u201c Ernst Ferstl Teamtage Den Arbeitsalltag einmal hinter sich lassen und gemeinsam die Freude am Drau\u00dfensein teilen. Ich begleite Euch gerne mit einem abwechslungsreichen Programm durch den Wald, anschliessend kann das Gel\u00e4nde am Fuchsbauwagen (Picknick, Grillen, etc.) genutzt werden. [&hellip;]\" \/>\n<meta property=\"og:url\" content=\"https:\/\/fuchsbauwagen.de\/index.php\/erwachsene\/\" \/>\n<meta property=\"og:site_name\" content=\"Fuchsbauwagen\" \/>\n<meta property=\"article:modified_time\" content=\"2022-11-29T08:12:38+00:00\" \/>\n<meta name=\"twitter:card\" content=\"summary_large_image\" \/>\n<meta name=\"twitter:label1\" content=\"Gesch\u00e4tzte Lesezeit\" \/>\n\t<meta name=\"twitter:data1\" content=\"1\u00a0Minute\" \/>\n<script type=\"application\/ld+json\" class=\"yoast-schema-graph\">{\"@context\":\"https:\/\/schema.org\",\"@graph\":[{\"@type\":\"WebPage\",\"@id\":\"https:\/\/fuchsbauwagen.de\/index.php\/erwachsene\/\",\"url\":\"https:\/\/fuchsbauwagen.de\/index.php\/erwachsene\/\",\"name\":\"Erwachsene - Fuchsbauwagen\",\"isPartOf\":{\"@id\":\"https:\/\/fuchsbauwagen.de\/#website\"},\"datePublished\":\"2022-04-26T14:45:43+00:00\",\"dateModified\":\"2022-11-29T08:12:38+00:00\",\"breadcrumb\":{\"@id\":\"https:\/\/fuchsbauwagen.de\/index.php\/erwachsene\/#breadcrumb\"},\"inLanguage\":\"de\",\"potentialAction\":[{\"@type\":\"ReadAction\",\"target\":[\"https:\/\/fuchsbauwagen.de\/index.php\/erwachsene\/\"]}]},{\"@type\":\"BreadcrumbList\",\"@id\":\"https:\/\/fuchsbauwagen.de\/index.php\/erwachsene\/#breadcrumb\",\"itemListElement\":[{\"@type\":\"ListItem\",\"position\":1,\"name\":\"Startseite\",\"item\":\"https:\/\/fuchsbauwagen.de\/\"},{\"@type\":\"ListItem\",\"position\":2,\"name\":\"Erwachsene\"}]},{\"@type\":\"WebSite\",\"@id\":\"https:\/\/fuchsbauwagen.de\/#website\",\"url\":\"https:\/\/fuchsbauwagen.de\/\",\"name\":\"Fuchsbauwagen\",\"description\":\"\",\"publisher\":{\"@id\":\"https:\/\/fuchsbauwagen.de\/#organization\"},\"potentialAction\":[{\"@type\":\"SearchAction\",\"target\":{\"@type\":\"EntryPoint\",\"urlTemplate\":\"https:\/\/fuchsbauwagen.de\/?s={search_term_string}\"},\"query-input\":\"required name=search_term_string\"}],\"inLanguage\":\"de\"},{\"@type\":\"Organization\",\"@id\":\"https:\/\/fuchsbauwagen.de\/#organization\",\"name\":\"Fuchsbauwagen\",\"url\":\"https:\/\/fuchsbauwagen.de\/\",\"logo\":{\"@type\":\"ImageObject\",\"inLanguage\":\"de\",\"@id\":\"https:\/\/fuchsbauwagen.de\/#\/schema\/logo\/image\/\",\"url\":\"https:\/\/i0.wp.com\/fuchsbauwagen.de\/wp-content\/uploads\/2022\/04\/fuchs-removebg-preview-3.png?fit=237%2C167&ssl=1\",\"contentUrl\":\"https:\/\/i0.wp.com\/fuchsbauwagen.de\/wp-content\/uploads\/2022\/04\/fuchs-removebg-preview-3.png?fit=237%2C167&ssl=1\",\"width\":237,\"height\":167,\"caption\":\"Fuchsbauwagen\"},\"image\":{\"@id\":\"https:\/\/fuchsbauwagen.de\/#\/schema\/logo\/image\/\"}}]}<\/script>\n<!-- \/ Yoast SEO plugin. -->","yoast_head_json":{"title":"Erwachsene - Fuchsbauwagen","robots":{"index":"index","follow":"follow","max-snippet":"max-snippet:-1","max-image-preview":"max-image-preview:large","max-video-preview":"max-video-preview:-1"},"canonical":"https:\/\/fuchsbauwagen.de\/index.php\/erwachsene\/","og_locale":"de_DE","og_type":"article","og_title":"Erwachsene - Fuchsbauwagen","og_description":"ANGEBOTE F\u00dcR ERWACHSENE \u201eDer Wald geh\u00f6rt zu den besten Tankstellen, wo man seine Batterie wieder aufladen kann.\u201c Ernst Ferstl Teamtage Den Arbeitsalltag einmal hinter sich lassen und gemeinsam die Freude am Drau\u00dfensein teilen. Ich begleite Euch gerne mit einem abwechslungsreichen Programm durch den Wald, anschliessend kann das Gel\u00e4nde am Fuchsbauwagen (Picknick, Grillen, etc.) genutzt werden. [&hellip;]","og_url":"https:\/\/fuchsbauwagen.de\/index.php\/erwachsene\/","og_site_name":"Fuchsbauwagen","article_modified_time":"2022-11-29T08:12:38+00:00","twitter_card":"summary_large_image","twitter_misc":{"Gesch\u00e4tzte Lesezeit":"1\u00a0Minute"},"schema":{"@context":"https:\/\/schema.org","@graph":[{"@type":"WebPage","@id":"https:\/\/fuchsbauwagen.de\/index.php\/erwachsene\/","url":"https:\/\/fuchsbauwagen.de\/index.php\/erwachsene\/","name":"Erwachsene - Fuchsbauwagen","isPartOf":{"@id":"https:\/\/fuchsbauwagen.de\/#website"},"datePublished":"2022-04-26T14:45:43+00:00","dateModified":"2022-11-29T08:12:38+00:00","breadcrumb":{"@id":"https:\/\/fuchsbauwagen.de\/index.php\/erwachsene\/#breadcrumb"},"inLanguage":"de","potentialAction":[{"@type":"ReadAction","target":["https:\/\/fuchsbauwagen.de\/index.php\/erwachsene\/"]}]},{"@type":"BreadcrumbList","@id":"https:\/\/fuchsbauwagen.de\/index.php\/erwachsene\/#breadcrumb","itemListElement":[{"@type":"ListItem","position":1,"name":"Startseite","item":"https:\/\/fuchsbauwagen.de\/"},{"@type":"ListItem","position":2,"name":"Erwachsene"}]},{"@type":"WebSite","@id":"https:\/\/fuchsbauwagen.de\/#website","url":"https:\/\/fuchsbauwagen.de\/","name":"Fuchsbauwagen","description":"","publisher":{"@id":"https:\/\/fuchsbauwagen.de\/#organization"},"potentialAction":[{"@type":"SearchAction","target":{"@type":"EntryPoint","urlTemplate":"https:\/\/fuchsbauwagen.de\/?s={search_term_string}"},"query-input":"required name=search_term_string"}],"inLanguage":"de"},{"@type":"Organization","@id":"https:\/\/fuchsbauwagen.de\/#organization","name":"Fuchsbauwagen","url":"https:\/\/fuchsbauwagen.de\/","logo":{"@type":"ImageObject","inLanguage":"de","@id":"https:\/\/fuchsbauwagen.de\/#\/schema\/logo\/image\/","url":"https:\/\/i0.wp.com\/fuchsbauwagen.de\/wp-content\/uploads\/2022\/04\/fuchs-removebg-preview-3.png?fit=237%2C167&ssl=1","contentUrl":"https:\/\/i0.wp.com\/fuchsbauwagen.de\/wp-content\/uploads\/2022\/04\/fuchs-removebg-preview-3.png?fit=237%2C167&ssl=1","width":237,"height":167,"caption":"Fuchsbauwagen"},"image":{"@id":"https:\/\/fuchsbauwagen.de\/#\/schema\/logo\/image\/"}}]}},"jetpack_sharing_enabled":true,"_links":{"self":[{"href":"https:\/\/fuchsbauwagen.de\/index.php\/wp-json\/wp\/v2\/pages\/660","targetHints":{"allow":["GET"]}}],"collection":[{"href":"https:\/\/fuchsbauwagen.de\/index.php\/wp-json\/wp\/v2\/pages"}],"about":[{"href":"https:\/\/fuchsbauwagen.de\/index.php\/wp-json\/wp\/v2\/types\/page"}],"author":[{"embeddable":true,"href":"https:\/\/fuchsbauwagen.de\/index.php\/wp-json\/wp\/v2\/users\/1"}],"replies":[{"embeddable":true,"href":"https:\/\/fuchsbauwagen.de\/index.php\/wp-json\/wp\/v2\/comments?post=660"}],"version-history":[{"count":20,"href":"https:\/\/fuchsbauwagen.de\/index.php\/wp-json\/wp\/v2\/pages\/660\/revisions"}],"predecessor-version":[{"id":3259,"href":"https:\/\/fuchsbauwagen.de\/index.php\/wp-json\/wp\/v2\/pages\/660\/revisions\/3259"}],"wp:attachment":[{"href":"https:\/\/fuchsbauwagen.de\/index.php\/wp-json\/wp\/v2\/media?parent=660"}],"curies":[{"name":"wp","href":"https:\/\/api.w.org\/{rel}","templated":true}]}}