{"id":659,"date":"2022-04-26T16:45:43","date_gmt":"2022-04-26T14:45:43","guid":{"rendered":"http:\/\/fuchsbauwagen.de\/?page_id=659"},"modified":"2022-07-31T16:28:59","modified_gmt":"2022-07-31T14:28:59","slug":"schule","status":"publish","type":"page","link":"https:\/\/fuchsbauwagen.de\/index.php\/schule\/","title":{"rendered":"Schule"},"content":{"rendered":"<div data-colibri-id=\"659-c1\" class=\"style-930 style-local-659-c1 position-relative\">\n  <!---->\n  <div data-colibri-component=\"section\" data-colibri-id=\"659-c2\" id=\"custom\" class=\"h-section h-section-global-spacing d-flex align-items-lg-center align-items-md-center align-items-center style-1214 style-local-659-c2 position-relative\">\n    <!---->\n    <!---->\n    <div class=\"h-section-grid-container h-section-boxed-container\">\n      <!---->\n      <div data-colibri-id=\"659-c3\" class=\"h-row-container gutters-row-lg-0 gutters-row-md-0 gutters-row-0 gutters-row-v-lg-0 gutters-row-v-md-0 gutters-row-v-0 style-1215 style-local-659-c3 position-relative\">\n        <!---->\n        <div class=\"h-row justify-content-lg-center justify-content-md-center justify-content-center align-items-lg-stretch align-items-md-stretch align-items-stretch gutters-col-lg-0 gutters-col-md-0 gutters-col-0 gutters-col-v-lg-0 gutters-col-v-md-0 gutters-col-v-0\">\n          <!---->\n          <div class=\"h-column h-column-container d-flex h-col-lg-auto h-col-md-auto h-col-auto style-1216-outer style-local-659-c4-outer\">\n            <div data-colibri-id=\"659-c4\" class=\"d-flex h-flex-basis h-column__inner h-px-lg-2 h-px-md-2 h-px-2 v-inner-lg-2 v-inner-md-2 v-inner-2 style-1216 style-local-659-c4 position-relative\">\n              <!---->\n              <!---->\n              <div class=\"w-100 h-y-container h-column__content h-column__v-align flex-basis-100 align-self-lg-start align-self-md-start align-self-start\">\n                <!---->\n                <div data-colibri-id=\"659-c5\" class=\"h-text h-text-component style-1090 style-local-659-c5 position-relative h-element\">\n                  <!---->\n                  <!---->\n                  <div class=\"\">\n                    <p>ANGEBOTE F\u00dcR SCHULEN\n                      <br>\n                    <\/p>\n                  <\/div>\n                <\/div>\n              <\/div>\n            <\/div>\n          <\/div>\n        <\/div>\n      <\/div>\n      <div data-colibri-id=\"659-c6\" class=\"h-row-container gutters-row-lg-0 gutters-row-md-0 gutters-row-0 gutters-row-v-lg-0 gutters-row-v-md-0 gutters-row-v-0 style-1219 style-local-659-c6 position-relative\">\n        <!---->\n        <div class=\"h-row justify-content-lg-center justify-content-md-center justify-content-center align-items-lg-stretch align-items-md-stretch align-items-stretch gutters-col-lg-0 gutters-col-md-0 gutters-col-0 gutters-col-v-lg-0 gutters-col-v-md-0 gutters-col-v-0\">\n          <!---->\n          <div class=\"h-column h-column-container d-flex h-col-lg-auto h-col-md-auto h-col-auto style-1220-outer style-local-659-c7-outer\">\n            <div data-colibri-id=\"659-c7\" class=\"d-flex h-flex-basis h-column__inner h-px-lg-1 h-px-md-1 h-px-1 v-inner-lg-1 v-inner-md-1 v-inner-1 style-1220 style-local-659-c7 position-relative\">\n              <!---->\n              <!---->\n              <div class=\"w-100 h-y-container h-column__content h-column__v-align flex-basis-100 align-self-lg-start align-self-md-start align-self-start\">\n                <!---->\n                <div data-colibri-id=\"659-c8\" class=\"h-text h-text-component style-947 style-local-659-c8 position-relative h-element\">\n                  <!---->\n                  <!---->\n                  <div class=\"\">\n                    <p>\u201e <em>Es gibt kein W-lan im Wald aber eine viel bessere Verbindung\u201c<\/em><\/p>\n                  <\/div>\n                <\/div>\n              <\/div>\n            <\/div>\n          <\/div>\n        <\/div>\n      <\/div>\n      <div data-colibri-id=\"659-c9\" class=\"h-row-container gutters-row-lg-0 gutters-row-md-0 gutters-row-0 gutters-row-v-lg-0 gutters-row-v-md-0 gutters-row-v-0 style-1325 style-local-659-c9 position-relative\">\n        <!---->\n        <div class=\"h-row justify-content-lg-center justify-content-md-center justify-content-center align-items-lg-stretch align-items-md-stretch align-items-stretch gutters-col-lg-0 gutters-col-md-0 gutters-col-0 gutters-col-v-lg-0 gutters-col-v-md-0 gutters-col-v-0\">\n          <!---->\n          <div class=\"h-column h-column-container d-flex h-col-lg-auto h-col-md-auto h-col-auto style-1326-outer style-local-659-c10-outer\">\n            <div data-colibri-id=\"659-c10\" class=\"d-flex h-flex-basis h-column__inner h-px-lg-0 h-px-md-0 h-px-0 v-inner-lg-0 v-inner-md-0 v-inner-0 style-1326 style-local-659-c10 position-relative\">\n              <!---->\n              <!---->\n              <div class=\"w-100 h-y-container h-column__content h-column__v-align flex-basis-100 align-self-lg-start align-self-md-start align-self-start\">\n                <!---->\n                <div data-colibri-id=\"659-c11\" class=\"h-divider style-1324 style-local-659-c11 position-relative h-element\">\n                  <!----><span class=\"h-divider__line style-1324-line style-local-659-c11-line style-1324-line style-local-659-c11-line\"><\/span><\/div>\n              <\/div>\n            <\/div>\n          <\/div>\n        <\/div>\n      <\/div>\n    <\/div>\n  <\/div>\n  <div data-colibri-component=\"section\" data-colibri-id=\"659-c12\" id=\"waldfuehrungen\" class=\"h-section h-section-global-spacing d-flex align-items-lg-center align-items-md-center align-items-center style-931 style-local-659-c12 position-relative\">\n    <!---->\n    <!---->\n    <div class=\"h-section-grid-container h-section-boxed-container\">\n      <!---->\n      <div data-colibri-id=\"659-c13\" class=\"h-row-container gutters-row-lg-0 gutters-row-md-0 gutters-row-0 gutters-row-v-lg-0 gutters-row-v-md-0 gutters-row-v-0 style-932 style-local-659-c13 position-relative\">\n        <!---->\n        <div class=\"h-row justify-content-lg-center justify-content-md-center justify-content-center align-items-lg-stretch align-items-md-stretch align-items-stretch gutters-col-lg-0 gutters-col-md-0 gutters-col-0 gutters-col-v-lg-0 gutters-col-v-md-0 gutters-col-v-0\">\n          <!---->\n          <div class=\"h-column h-column-container d-flex h-col-lg-auto h-col-md-auto h-col-auto style-933-outer style-local-659-c14-outer\">\n            <div data-colibri-id=\"659-c14\" class=\"d-flex h-flex-basis h-column__inner h-px-lg-3 h-px-md-3 h-px-3 v-inner-lg-3 v-inner-md-3 v-inner-3 style-933 style-local-659-c14 position-relative\">\n              <!---->\n              <!---->\n              <div class=\"w-100 h-y-container h-column__content h-column__v-align flex-basis-100 align-self-lg-start align-self-md-start align-self-start\">\n                <!---->\n                <div data-colibri-id=\"659-c15\" class=\"h-text h-text-component style-1336 style-local-659-c15 position-relative h-element\">\n                  <!---->\n                  <!---->\n                  <div class=\"\">\n                    <p><strong>Waldf\u00fchrungen<\/strong><\/p>\n                  <\/div>\n                <\/div>\n                <div data-colibri-id=\"659-c16\" class=\"h-text h-text-component style-936 style-local-659-c16 position-relative h-element\">\n                  <!---->\n                  <!---->\n                  <div class=\"\">\n                    <p>Bildung f\u00fcr nachhaltige Entwicklung trifft den Geist der Zeit. Getreu nach dem Moto &#8220;Kennen- Lieben- Sch\u00fctzen&#8221; biete ich Programme an, um Wald und Natur mit allen Sinnen erleben zu k\u00f6nnen.<\/p>\n                    <p>\n                      <u>Verschiedene Themen:<\/u>\n                      <br>\n                      <br>&gt; Mensch und Wald \u2013 die Funktionen des Waldes (F\u00f6rster \/ Forstwirt \/ J\u00e4ger \/ Besucher)\n                      <br>&gt; Baumarten kennenlernen\n                      <br>&gt; Stockwerke des Waldes\n                      <br>&gt; \u00d6kosystem Wald\n                      <br>&gt; Wald als Lebensraum\n                      <br>&gt; Boden\n                      <br>&gt; Wasser\n                      <br>\n                    <\/p>\n                    <p>Gerne gehe ich auf individuelle W\u00fcnsche ein.\n                      <br>\n                    <\/p>\n                  <\/div>\n                <\/div>\n              <\/div>\n            <\/div>\n          <\/div>\n          <div class=\"h-column h-column-container d-flex h-col-lg-auto h-col-md-auto h-col-auto style-937-outer style-local-659-c17-outer\">\n            <div data-colibri-id=\"659-c17\" class=\"d-flex h-flex-basis h-column__inner h-ui-empty-state-container h-px-lg-3 h-px-md-3 h-px-3 v-inner-lg-3 v-inner-md-3 v-inner-3 style-937 style-local-659-c17 position-relative\">\n              <!---->\n              <!---->\n              <div class=\"w-100 h-y-container h-column__content h-column__v-align flex-basis-100\">\n                <!---->\n              <\/div>\n            <\/div>\n          <\/div>\n        <\/div>\n      <\/div>\n    <\/div>\n  <\/div>\n  <div data-colibri-component=\"section\" data-colibri-id=\"659-c18\" id=\"erlebnispaedagogik\" class=\"h-section h-section-global-spacing d-flex align-items-lg-center align-items-md-center align-items-center style-938 style-local-659-c18 position-relative\">\n    <!---->\n    <!---->\n    <div class=\"h-section-grid-container h-section-boxed-container\">\n      <!---->\n      <div data-colibri-id=\"659-c19\" class=\"h-row-container gutters-row-lg-0 gutters-row-md-0 gutters-row-0 gutters-row-v-lg-0 gutters-row-v-md-0 gutters-row-v-0 style-939 style-local-659-c19 position-relative\">\n        <!---->\n        <div class=\"h-row justify-content-lg-center justify-content-md-center justify-content-center align-items-lg-stretch align-items-md-stretch align-items-stretch gutters-col-lg-0 gutters-col-md-0 gutters-col-0 gutters-col-v-lg-0 gutters-col-v-md-0 gutters-col-v-0\">\n          <!---->\n          <div class=\"h-column h-column-container d-flex h-col-lg-auto h-col-md-auto h-col-auto style-940-outer style-local-659-c20-outer\">\n            <div data-colibri-id=\"659-c20\" class=\"d-flex h-flex-basis h-column__inner h-ui-empty-state-container h-px-lg-0 h-px-md-0 h-px-0 v-inner-lg-0 v-inner-md-0 v-inner-0 style-940 style-local-659-c20 position-relative\">\n              <!---->\n              <!---->\n              <div class=\"w-100 h-y-container h-column__content h-column__v-align flex-basis-100\">\n                <!---->\n              <\/div>\n            <\/div>\n          <\/div>\n          <div class=\"h-column h-column-container d-flex h-col-lg-auto h-col-md-auto h-col-auto style-941-outer style-local-659-c21-outer\">\n            <div data-colibri-id=\"659-c21\" class=\"d-flex h-flex-basis h-column__inner h-px-lg-3 h-px-md-3 h-px-3 v-inner-lg-3 v-inner-md-3 v-inner-3 style-941 style-local-659-c21 position-relative\">\n              <!---->\n              <!---->\n              <div class=\"w-100 h-y-container h-column__content h-column__v-align flex-basis-100 align-self-lg-start align-self-md-start align-self-start\">\n                <!---->\n                <div data-colibri-id=\"659-c22\" class=\"h-text h-text-component style-1337 style-local-659-c22 position-relative h-element\">\n                  <!---->\n                  <!---->\n                  <div class=\"\">\n                    <p><strong>Erlebnisp\u00e4dagogische Einheiten zur Klassenst\u00e4rkung<\/strong><\/p>\n                  <\/div>\n                <\/div>\n                <div data-colibri-id=\"659-c23\" class=\"h-text h-text-component style-944 style-local-659-c23 position-relative h-element\">\n                  <!---->\n                  <!---->\n                  <div class=\"\">\n                    <p>Als Erlebnisp\u00e4dagogin verf\u00fcge ich auch \u00fcber ein vielseitiges Repertoire an Kooperationsspielen zur St\u00e4rkung der Klassengemeinschaft.<\/p>\n                    <p>Programme:\n                      <br>&gt; ZusammenHALT\n                      <br>&gt; Klasse(n)GEMEINSCHAFT\n                      <br>&gt; Vielfalt macht stark\n                      <br>&gt; Zusammen ans Ziel\n                      <br>\n                    <\/p>\n                  <\/div>\n                <\/div>\n              <\/div>\n            <\/div>\n          <\/div>\n        <\/div>\n      <\/div>\n    <\/div>\n  <\/div>\n<\/div>","protected":false},"excerpt":{"rendered":"<p>ANGEBOTE F\u00dcR SCHULEN \u201e Es gibt kein W-lan im Wald aber eine viel bessere Verbindung\u201c Waldf\u00fchrungen Bildung f\u00fcr nachhaltige Entwicklung trifft den Geist der Zeit. Getreu nach dem Moto &#8220;Kennen- Lieben- Sch\u00fctzen&#8221; biete ich Programme an, um Wald und Natur mit allen Sinnen erleben zu k\u00f6nnen. Verschiedene Themen: &gt; Mensch und Wald \u2013 die Funktionen [&hellip;]<\/p>\n","protected":false},"author":1,"featured_media":0,"parent":0,"menu_order":0,"comment_status":"closed","ping_status":"closed","template":"page-templates\/full-width-page.php","meta":{"footnotes":""},"class_list":["post-659","page","type-page","status-publish","hentry"],"yoast_head":"<!-- This site is optimized with the Yoast SEO plugin v19.10 - https:\/\/yoast.com\/wordpress\/plugins\/seo\/ -->\n<title>Schule - Fuchsbauwagen<\/title>\n<meta name=\"robots\" content=\"index, follow, max-snippet:-1, max-image-preview:large, max-video-preview:-1\" \/>\n<link rel=\"canonical\" href=\"https:\/\/fuchsbauwagen.de\/index.php\/schule\/\" \/>\n<meta property=\"og:locale\" content=\"de_DE\" \/>\n<meta property=\"og:type\" content=\"article\" \/>\n<meta property=\"og:title\" content=\"Schule - Fuchsbauwagen\" \/>\n<meta property=\"og:description\" content=\"ANGEBOTE F\u00dcR SCHULEN \u201e Es gibt kein W-lan im Wald aber eine viel bessere Verbindung\u201c Waldf\u00fchrungen Bildung f\u00fcr nachhaltige Entwicklung trifft den Geist der Zeit. Getreu nach dem Moto &#8220;Kennen- Lieben- Sch\u00fctzen&#8221; biete ich Programme an, um Wald und Natur mit allen Sinnen erleben zu k\u00f6nnen. Verschiedene Themen: &gt; Mensch und Wald \u2013 die Funktionen [&hellip;]\" \/>\n<meta property=\"og:url\" content=\"https:\/\/fuchsbauwagen.de\/index.php\/schule\/\" \/>\n<meta property=\"og:site_name\" content=\"Fuchsbauwagen\" \/>\n<meta property=\"article:modified_time\" content=\"2022-07-31T14:28:59+00:00\" \/>\n<meta name=\"twitter:card\" content=\"summary_large_image\" \/>\n<meta name=\"twitter:label1\" content=\"Gesch\u00e4tzte Lesezeit\" \/>\n\t<meta name=\"twitter:data1\" content=\"1\u00a0Minute\" \/>\n<script type=\"application\/ld+json\" class=\"yoast-schema-graph\">{\"@context\":\"https:\/\/schema.org\",\"@graph\":[{\"@type\":\"WebPage\",\"@id\":\"https:\/\/fuchsbauwagen.de\/index.php\/schule\/\",\"url\":\"https:\/\/fuchsbauwagen.de\/index.php\/schule\/\",\"name\":\"Schule - Fuchsbauwagen\",\"isPartOf\":{\"@id\":\"https:\/\/fuchsbauwagen.de\/#website\"},\"datePublished\":\"2022-04-26T14:45:43+00:00\",\"dateModified\":\"2022-07-31T14:28:59+00:00\",\"breadcrumb\":{\"@id\":\"https:\/\/fuchsbauwagen.de\/index.php\/schule\/#breadcrumb\"},\"inLanguage\":\"de\",\"potentialAction\":[{\"@type\":\"ReadAction\",\"target\":[\"https:\/\/fuchsbauwagen.de\/index.php\/schule\/\"]}]},{\"@type\":\"BreadcrumbList\",\"@id\":\"https:\/\/fuchsbauwagen.de\/index.php\/schule\/#breadcrumb\",\"itemListElement\":[{\"@type\":\"ListItem\",\"position\":1,\"name\":\"Startseite\",\"item\":\"https:\/\/fuchsbauwagen.de\/\"},{\"@type\":\"ListItem\",\"position\":2,\"name\":\"Schule\"}]},{\"@type\":\"WebSite\",\"@id\":\"https:\/\/fuchsbauwagen.de\/#website\",\"url\":\"https:\/\/fuchsbauwagen.de\/\",\"name\":\"Fuchsbauwagen\",\"description\":\"\",\"publisher\":{\"@id\":\"https:\/\/fuchsbauwagen.de\/#organization\"},\"potentialAction\":[{\"@type\":\"SearchAction\",\"target\":{\"@type\":\"EntryPoint\",\"urlTemplate\":\"https:\/\/fuchsbauwagen.de\/?s={search_term_string}\"},\"query-input\":\"required name=search_term_string\"}],\"inLanguage\":\"de\"},{\"@type\":\"Organization\",\"@id\":\"https:\/\/fuchsbauwagen.de\/#organization\",\"name\":\"Fuchsbauwagen\",\"url\":\"https:\/\/fuchsbauwagen.de\/\",\"logo\":{\"@type\":\"ImageObject\",\"inLanguage\":\"de\",\"@id\":\"https:\/\/fuchsbauwagen.de\/#\/schema\/logo\/image\/\",\"url\":\"https:\/\/i0.wp.com\/fuchsbauwagen.de\/wp-content\/uploads\/2022\/04\/fuchs-removebg-preview-3.png?fit=237%2C167&ssl=1\",\"contentUrl\":\"https:\/\/i0.wp.com\/fuchsbauwagen.de\/wp-content\/uploads\/2022\/04\/fuchs-removebg-preview-3.png?fit=237%2C167&ssl=1\",\"width\":237,\"height\":167,\"caption\":\"Fuchsbauwagen\"},\"image\":{\"@id\":\"https:\/\/fuchsbauwagen.de\/#\/schema\/logo\/image\/\"}}]}<\/script>\n<!-- \/ Yoast SEO plugin. -->","yoast_head_json":{"title":"Schule - Fuchsbauwagen","robots":{"index":"index","follow":"follow","max-snippet":"max-snippet:-1","max-image-preview":"max-image-preview:large","max-video-preview":"max-video-preview:-1"},"canonical":"https:\/\/fuchsbauwagen.de\/index.php\/schule\/","og_locale":"de_DE","og_type":"article","og_title":"Schule - Fuchsbauwagen","og_description":"ANGEBOTE F\u00dcR SCHULEN \u201e Es gibt kein W-lan im Wald aber eine viel bessere Verbindung\u201c Waldf\u00fchrungen Bildung f\u00fcr nachhaltige Entwicklung trifft den Geist der Zeit. Getreu nach dem Moto &#8220;Kennen- Lieben- Sch\u00fctzen&#8221; biete ich Programme an, um Wald und Natur mit allen Sinnen erleben zu k\u00f6nnen. Verschiedene Themen: &gt; Mensch und Wald \u2013 die Funktionen [&hellip;]","og_url":"https:\/\/fuchsbauwagen.de\/index.php\/schule\/","og_site_name":"Fuchsbauwagen","article_modified_time":"2022-07-31T14:28:59+00:00","twitter_card":"summary_large_image","twitter_misc":{"Gesch\u00e4tzte Lesezeit":"1\u00a0Minute"},"schema":{"@context":"https:\/\/schema.org","@graph":[{"@type":"WebPage","@id":"https:\/\/fuchsbauwagen.de\/index.php\/schule\/","url":"https:\/\/fuchsbauwagen.de\/index.php\/schule\/","name":"Schule - Fuchsbauwagen","isPartOf":{"@id":"https:\/\/fuchsbauwagen.de\/#website"},"datePublished":"2022-04-26T14:45:43+00:00","dateModified":"2022-07-31T14:28:59+00:00","breadcrumb":{"@id":"https:\/\/fuchsbauwagen.de\/index.php\/schule\/#breadcrumb"},"inLanguage":"de","potentialAction":[{"@type":"ReadAction","target":["https:\/\/fuchsbauwagen.de\/index.php\/schule\/"]}]},{"@type":"BreadcrumbList","@id":"https:\/\/fuchsbauwagen.de\/index.php\/schule\/#breadcrumb","itemListElement":[{"@type":"ListItem","position":1,"name":"Startseite","item":"https:\/\/fuchsbauwagen.de\/"},{"@type":"ListItem","position":2,"name":"Schule"}]},{"@type":"WebSite","@id":"https:\/\/fuchsbauwagen.de\/#website","url":"https:\/\/fuchsbauwagen.de\/","name":"Fuchsbauwagen","description":"","publisher":{"@id":"https:\/\/fuchsbauwagen.de\/#organization"},"potentialAction":[{"@type":"SearchAction","target":{"@type":"EntryPoint","urlTemplate":"https:\/\/fuchsbauwagen.de\/?s={search_term_string}"},"query-input":"required name=search_term_string"}],"inLanguage":"de"},{"@type":"Organization","@id":"https:\/\/fuchsbauwagen.de\/#organization","name":"Fuchsbauwagen","url":"https:\/\/fuchsbauwagen.de\/","logo":{"@type":"ImageObject","inLanguage":"de","@id":"https:\/\/fuchsbauwagen.de\/#\/schema\/logo\/image\/","url":"https:\/\/i0.wp.com\/fuchsbauwagen.de\/wp-content\/uploads\/2022\/04\/fuchs-removebg-preview-3.png?fit=237%2C167&ssl=1","contentUrl":"https:\/\/i0.wp.com\/fuchsbauwagen.de\/wp-content\/uploads\/2022\/04\/fuchs-removebg-preview-3.png?fit=237%2C167&ssl=1","width":237,"height":167,"caption":"Fuchsbauwagen"},"image":{"@id":"https:\/\/fuchsbauwagen.de\/#\/schema\/logo\/image\/"}}]}},"jetpack_sharing_enabled":true,"_links":{"self":[{"href":"https:\/\/fuchsbauwagen.de\/index.php\/wp-json\/wp\/v2\/pages\/659","targetHints":{"allow":["GET"]}}],"collection":[{"href":"https:\/\/fuchsbauwagen.de\/index.php\/wp-json\/wp\/v2\/pages"}],"about":[{"href":"https:\/\/fuchsbauwagen.de\/index.php\/wp-json\/wp\/v2\/types\/page"}],"author":[{"embeddable":true,"href":"https:\/\/fuchsbauwagen.de\/index.php\/wp-json\/wp\/v2\/users\/1"}],"replies":[{"embeddable":true,"href":"https:\/\/fuchsbauwagen.de\/index.php\/wp-json\/wp\/v2\/comments?post=659"}],"version-history":[{"count":20,"href":"https:\/\/fuchsbauwagen.de\/index.php\/wp-json\/wp\/v2\/pages\/659\/revisions"}],"predecessor-version":[{"id":3168,"href":"https:\/\/fuchsbauwagen.de\/index.php\/wp-json\/wp\/v2\/pages\/659\/revisions\/3168"}],"wp:attachment":[{"href":"https:\/\/fuchsbauwagen.de\/index.php\/wp-json\/wp\/v2\/media?parent=659"}],"curies":[{"name":"wp","href":"https:\/\/api.w.org\/{rel}","templated":true}]}}