{"id":658,"date":"2022-04-26T16:45:43","date_gmt":"2022-04-26T14:45:43","guid":{"rendered":"http:\/\/fuchsbauwagen.de\/?page_id=658"},"modified":"2022-06-02T08:48:50","modified_gmt":"2022-06-02T06:48:50","slug":"kindergarten","status":"publish","type":"page","link":"https:\/\/fuchsbauwagen.de\/index.php\/kindergarten\/","title":{"rendered":"Kindergarten"},"content":{"rendered":"<div data-colibri-id=\"658-c1\" class=\"style-905 style-local-658-c1 position-relative\">\n  <!---->\n  <div data-colibri-component=\"section\" data-colibri-id=\"658-c2\" id=\"custom\" class=\"h-section h-section-global-spacing d-flex align-items-lg-center align-items-md-center align-items-center style-1235 style-local-658-c2 position-relative\">\n    <!---->\n    <!---->\n    <div class=\"h-section-grid-container h-section-boxed-container\">\n      <!---->\n      <div data-colibri-id=\"658-c3\" class=\"h-row-container gutters-row-lg-0 gutters-row-md-0 gutters-row-0 gutters-row-v-lg-0 gutters-row-v-md-0 gutters-row-v-0 style-1236 style-local-658-c3 position-relative\">\n        <!---->\n        <div class=\"h-row justify-content-lg-center justify-content-md-center justify-content-center align-items-lg-stretch align-items-md-stretch align-items-stretch gutters-col-lg-0 gutters-col-md-0 gutters-col-0 gutters-col-v-lg-0 gutters-col-v-md-0 gutters-col-v-0\">\n          <!---->\n          <div class=\"h-column h-column-container d-flex h-col-lg-auto h-col-md-auto h-col-auto style-1237-outer style-local-658-c4-outer\">\n            <div data-colibri-id=\"658-c4\" class=\"d-flex h-flex-basis h-column__inner h-px-lg-1 h-px-md-1 h-px-1 v-inner-lg-1 v-inner-md-1 v-inner-1 style-1237 style-local-658-c4 position-relative\">\n              <!---->\n              <!---->\n              <div class=\"w-100 h-y-container h-column__content h-column__v-align flex-basis-100 align-self-lg-start align-self-md-start align-self-start\">\n                <!---->\n                <div data-colibri-id=\"658-c5\" class=\"h-text h-text-component style-1078 style-local-658-c5 position-relative h-element\">\n                  <!---->\n                  <!---->\n                  <div class=\"\">\n                    <p>ANGEBOTE F\u00dcR KINDERGARTENKINDER\n                      <br>\n                    <\/p>\n                  <\/div>\n                <\/div>\n              <\/div>\n            <\/div>\n          <\/div>\n        <\/div>\n      <\/div>\n      <div data-colibri-id=\"658-c6\" class=\"h-row-container gutters-row-lg-0 gutters-row-md-0 gutters-row-0 gutters-row-v-lg-0 gutters-row-v-md-0 gutters-row-v-0 style-1238 style-local-658-c6 position-relative\">\n        <!---->\n        <div class=\"h-row justify-content-lg-center justify-content-md-center justify-content-center align-items-lg-stretch align-items-md-stretch align-items-stretch gutters-col-lg-0 gutters-col-md-0 gutters-col-0 gutters-col-v-lg-0 gutters-col-v-md-0 gutters-col-v-0\">\n          <!---->\n          <div class=\"h-column h-column-container d-flex h-col-lg-auto h-col-md-auto h-col-auto style-1239-outer style-local-658-c7-outer\">\n            <div data-colibri-id=\"658-c7\" class=\"d-flex h-flex-basis h-column__inner h-px-lg-2 h-px-md-2 h-px-2 v-inner-lg-2 v-inner-md-2 v-inner-2 style-1239 style-local-658-c7 position-relative\">\n              <!---->\n              <!---->\n              <div class=\"w-100 h-y-container h-column__content h-column__v-align flex-basis-100 align-self-lg-start align-self-md-start align-self-start\">\n                <!---->\n                <div data-colibri-id=\"658-c8\" class=\"h-text h-text-component style-929 style-local-658-c8 position-relative h-element\">\n                  <!---->\n                  <!---->\n                  <div class=\"\">\n                    <p>Wenn die Kinder rausgehen und gl\u00fccklich sind, hat man das Beste getan.\n                      <br>\n                    <\/p>\n                  <\/div>\n                <\/div>\n              <\/div>\n            <\/div>\n          <\/div>\n        <\/div>\n      <\/div>\n      <div data-colibri-id=\"658-c9\" class=\"h-row-container gutters-row-lg-0 gutters-row-md-0 gutters-row-0 gutters-row-v-lg-0 gutters-row-v-md-0 gutters-row-v-0 style-1321 style-local-658-c9 position-relative\">\n        <!---->\n        <div class=\"h-row justify-content-lg-center justify-content-md-center justify-content-center align-items-lg-stretch align-items-md-stretch align-items-stretch gutters-col-lg-0 gutters-col-md-0 gutters-col-0 gutters-col-v-lg-0 gutters-col-v-md-0 gutters-col-v-0\">\n          <!---->\n          <div class=\"h-column h-column-container d-flex h-col-lg-auto h-col-md-auto h-col-auto style-1322-outer style-local-658-c10-outer\">\n            <div data-colibri-id=\"658-c10\" class=\"d-flex h-flex-basis h-column__inner h-px-lg-0 h-px-md-0 h-px-0 v-inner-lg-0 v-inner-md-0 v-inner-0 style-1322 style-local-658-c10 position-relative\">\n              <!---->\n              <!---->\n              <div class=\"w-100 h-y-container h-column__content h-column__v-align flex-basis-100 align-self-lg-start align-self-md-start align-self-start\">\n                <!---->\n                <div data-colibri-id=\"658-c11\" class=\"h-divider style-1320 style-local-658-c11 position-relative h-element\">\n                  <!----><span class=\"h-divider__line style-1320-line style-local-658-c11-line style-1320-line style-local-658-c11-line\"><\/span><\/div>\n              <\/div>\n            <\/div>\n          <\/div>\n        <\/div>\n      <\/div>\n    <\/div>\n  <\/div>\n  <div data-colibri-component=\"section\" data-colibri-id=\"658-c12\" id=\"about\" class=\"h-section h-section-global-spacing d-flex align-items-lg-center align-items-md-center align-items-center style-906 style-local-658-c12 position-relative\">\n    <!---->\n    <!---->\n    <div class=\"h-section-grid-container h-section-boxed-container\">\n      <!---->\n      <div data-colibri-id=\"658-c13\" class=\"h-row-container gutters-row-lg-2 gutters-row-md-2 gutters-row-0 gutters-row-v-lg-2 gutters-row-v-md-2 gutters-row-v-2 style-907 style-local-658-c13 position-relative\">\n        <!---->\n        <div class=\"h-row justify-content-lg-center justify-content-md-center justify-content-center align-items-lg-stretch align-items-md-stretch align-items-stretch gutters-col-lg-2 gutters-col-md-2 gutters-col-0 gutters-col-v-lg-2 gutters-col-v-md-2 gutters-col-v-2\">\n          <!---->\n          <div class=\"h-column h-column-container d-flex h-col-lg-auto h-col-md-auto h-col-auto style-908-outer style-local-658-c14-outer\">\n            <div data-colibri-id=\"658-c14\" class=\"d-flex h-flex-basis h-column__inner h-px-lg-0 h-px-md-0 h-px-0 v-inner-lg-0 v-inner-md-0 v-inner-0 style-908 style-local-658-c14 position-relative\">\n              <!---->\n              <!---->\n              <div class=\"w-100 h-y-container h-column__content h-column__v-align flex-basis-100 align-self-lg-start align-self-md-start align-self-start\">\n                <!---->\n                <div data-colibri-id=\"658-c15\" class=\"h-text h-text-component style-1382 style-local-658-c15 position-relative h-element\">\n                  <!---->\n                  <!---->\n                  <div class=\"\">\n                    <p>Kindergartenkinder<\/p>\n                  <\/div>\n                <\/div>\n                <div data-colibri-id=\"658-c16\" class=\"h-text h-text-component style-911 style-local-658-c16 position-relative h-element\">\n                  <!---->\n                  <!---->\n                  <div class=\"\">\n                    <p>Als Erzieherin kenne ich die Grunds\u00e4tze des bayerischen Bildungs- und Erziehungsplanes. Meine Angebote f\u00f6rdern spielerisch die Selbstwirksamkeit und die Entdeckerfreude der Kinder.<\/p>\n                    <p>Die Angebote k\u00f6nnen sowohl bei mir am Fuchsbauwagen oder auch in einem Waldst\u00fcck in Ihrer N\u00e4he stattfinden.\n                      <br>\n                    <\/p>\n                    <p>M\u00f6gliche Programme:<\/p>\n                    <p>&gt; Spa\u00df mit Waldspielen\n                      <br>&gt; Waldforscher auf Spurensuche\n                      <br>&gt; Jahreszeitenspezifische Programme\n                      <br>&gt; Individuelle W\u00fcnsche<\/p>\n                  <\/div>\n                <\/div>\n              <\/div>\n            <\/div>\n          <\/div>\n          <div class=\"h-column h-column-container d-flex h-col-lg-auto h-col-md-auto h-col-auto style-1449-outer style-local-658-c18-outer\">\n            <div data-colibri-id=\"658-c18\" class=\"d-flex h-flex-basis h-column__inner h-ui-empty-state-container h-px-lg-2 h-px-md-2 h-px-2 v-inner-lg-2 v-inner-md-2 v-inner-2 style-1449 style-local-658-c18 position-relative\">\n              <!---->\n              <!---->\n              <div class=\"w-100 h-y-container h-column__content h-column__v-align flex-basis-100\">\n                <!---->\n              <\/div>\n            <\/div>\n          <\/div>\n          <div class=\"h-column h-column-container d-flex h-col-lg-auto h-col-md-auto h-col-auto style-912-outer style-local-658-c17-outer\">\n            <div data-colibri-id=\"658-c17\" class=\"d-flex h-flex-basis h-column__inner h-ui-empty-state-container h-px-lg-2 h-px-md-2 h-px-2 v-inner-lg-2 v-inner-md-2 v-inner-2 style-912 style-local-658-c17 position-relative\">\n              <!---->\n              <!---->\n              <div class=\"w-100 h-y-container h-column__content h-column__v-align flex-basis-100\">\n                <!---->\n              <\/div>\n            <\/div>\n          <\/div>\n        <\/div>\n      <\/div>\n    <\/div>\n  <\/div>\n<\/div>","protected":false},"excerpt":{"rendered":"<p>ANGEBOTE F\u00dcR KINDERGARTENKINDER Wenn die Kinder rausgehen und gl\u00fccklich sind, hat man das Beste getan. Kindergartenkinder Als Erzieherin kenne ich die Grunds\u00e4tze des bayerischen Bildungs- und Erziehungsplanes. Meine Angebote f\u00f6rdern spielerisch die Selbstwirksamkeit und die Entdeckerfreude der Kinder. Die Angebote k\u00f6nnen sowohl bei mir am Fuchsbauwagen oder auch in einem Waldst\u00fcck in Ihrer N\u00e4he stattfinden. [&hellip;]<\/p>\n","protected":false},"author":1,"featured_media":0,"parent":0,"menu_order":0,"comment_status":"closed","ping_status":"closed","template":"page-templates\/full-width-page.php","meta":{"footnotes":""},"class_list":["post-658","page","type-page","status-publish","hentry"],"yoast_head":"<!-- This site is optimized with the Yoast SEO plugin v19.10 - https:\/\/yoast.com\/wordpress\/plugins\/seo\/ -->\n<title>Kindergarten - Fuchsbauwagen<\/title>\n<meta name=\"robots\" content=\"index, follow, max-snippet:-1, max-image-preview:large, max-video-preview:-1\" \/>\n<link rel=\"canonical\" href=\"https:\/\/fuchsbauwagen.de\/index.php\/kindergarten\/\" \/>\n<meta property=\"og:locale\" content=\"de_DE\" \/>\n<meta property=\"og:type\" content=\"article\" \/>\n<meta property=\"og:title\" content=\"Kindergarten - Fuchsbauwagen\" \/>\n<meta property=\"og:description\" content=\"ANGEBOTE F\u00dcR KINDERGARTENKINDER Wenn die Kinder rausgehen und gl\u00fccklich sind, hat man das Beste getan. Kindergartenkinder Als Erzieherin kenne ich die Grunds\u00e4tze des bayerischen Bildungs- und Erziehungsplanes. Meine Angebote f\u00f6rdern spielerisch die Selbstwirksamkeit und die Entdeckerfreude der Kinder. Die Angebote k\u00f6nnen sowohl bei mir am Fuchsbauwagen oder auch in einem Waldst\u00fcck in Ihrer N\u00e4he stattfinden. [&hellip;]\" \/>\n<meta property=\"og:url\" content=\"https:\/\/fuchsbauwagen.de\/index.php\/kindergarten\/\" \/>\n<meta property=\"og:site_name\" content=\"Fuchsbauwagen\" \/>\n<meta property=\"article:modified_time\" content=\"2022-06-02T06:48:50+00:00\" \/>\n<meta name=\"twitter:card\" content=\"summary_large_image\" \/>\n<script type=\"application\/ld+json\" class=\"yoast-schema-graph\">{\"@context\":\"https:\/\/schema.org\",\"@graph\":[{\"@type\":\"WebPage\",\"@id\":\"https:\/\/fuchsbauwagen.de\/index.php\/kindergarten\/\",\"url\":\"https:\/\/fuchsbauwagen.de\/index.php\/kindergarten\/\",\"name\":\"Kindergarten - Fuchsbauwagen\",\"isPartOf\":{\"@id\":\"https:\/\/fuchsbauwagen.de\/#website\"},\"datePublished\":\"2022-04-26T14:45:43+00:00\",\"dateModified\":\"2022-06-02T06:48:50+00:00\",\"breadcrumb\":{\"@id\":\"https:\/\/fuchsbauwagen.de\/index.php\/kindergarten\/#breadcrumb\"},\"inLanguage\":\"de\",\"potentialAction\":[{\"@type\":\"ReadAction\",\"target\":[\"https:\/\/fuchsbauwagen.de\/index.php\/kindergarten\/\"]}]},{\"@type\":\"BreadcrumbList\",\"@id\":\"https:\/\/fuchsbauwagen.de\/index.php\/kindergarten\/#breadcrumb\",\"itemListElement\":[{\"@type\":\"ListItem\",\"position\":1,\"name\":\"Startseite\",\"item\":\"https:\/\/fuchsbauwagen.de\/\"},{\"@type\":\"ListItem\",\"position\":2,\"name\":\"Kindergarten\"}]},{\"@type\":\"WebSite\",\"@id\":\"https:\/\/fuchsbauwagen.de\/#website\",\"url\":\"https:\/\/fuchsbauwagen.de\/\",\"name\":\"Fuchsbauwagen\",\"description\":\"\",\"publisher\":{\"@id\":\"https:\/\/fuchsbauwagen.de\/#organization\"},\"potentialAction\":[{\"@type\":\"SearchAction\",\"target\":{\"@type\":\"EntryPoint\",\"urlTemplate\":\"https:\/\/fuchsbauwagen.de\/?s={search_term_string}\"},\"query-input\":\"required name=search_term_string\"}],\"inLanguage\":\"de\"},{\"@type\":\"Organization\",\"@id\":\"https:\/\/fuchsbauwagen.de\/#organization\",\"name\":\"Fuchsbauwagen\",\"url\":\"https:\/\/fuchsbauwagen.de\/\",\"logo\":{\"@type\":\"ImageObject\",\"inLanguage\":\"de\",\"@id\":\"https:\/\/fuchsbauwagen.de\/#\/schema\/logo\/image\/\",\"url\":\"https:\/\/i0.wp.com\/fuchsbauwagen.de\/wp-content\/uploads\/2022\/04\/fuchs-removebg-preview-3.png?fit=237%2C167&ssl=1\",\"contentUrl\":\"https:\/\/i0.wp.com\/fuchsbauwagen.de\/wp-content\/uploads\/2022\/04\/fuchs-removebg-preview-3.png?fit=237%2C167&ssl=1\",\"width\":237,\"height\":167,\"caption\":\"Fuchsbauwagen\"},\"image\":{\"@id\":\"https:\/\/fuchsbauwagen.de\/#\/schema\/logo\/image\/\"}}]}<\/script>\n<!-- \/ Yoast SEO plugin. -->","yoast_head_json":{"title":"Kindergarten - Fuchsbauwagen","robots":{"index":"index","follow":"follow","max-snippet":"max-snippet:-1","max-image-preview":"max-image-preview:large","max-video-preview":"max-video-preview:-1"},"canonical":"https:\/\/fuchsbauwagen.de\/index.php\/kindergarten\/","og_locale":"de_DE","og_type":"article","og_title":"Kindergarten - Fuchsbauwagen","og_description":"ANGEBOTE F\u00dcR KINDERGARTENKINDER Wenn die Kinder rausgehen und gl\u00fccklich sind, hat man das Beste getan. Kindergartenkinder Als Erzieherin kenne ich die Grunds\u00e4tze des bayerischen Bildungs- und Erziehungsplanes. Meine Angebote f\u00f6rdern spielerisch die Selbstwirksamkeit und die Entdeckerfreude der Kinder. Die Angebote k\u00f6nnen sowohl bei mir am Fuchsbauwagen oder auch in einem Waldst\u00fcck in Ihrer N\u00e4he stattfinden. [&hellip;]","og_url":"https:\/\/fuchsbauwagen.de\/index.php\/kindergarten\/","og_site_name":"Fuchsbauwagen","article_modified_time":"2022-06-02T06:48:50+00:00","twitter_card":"summary_large_image","schema":{"@context":"https:\/\/schema.org","@graph":[{"@type":"WebPage","@id":"https:\/\/fuchsbauwagen.de\/index.php\/kindergarten\/","url":"https:\/\/fuchsbauwagen.de\/index.php\/kindergarten\/","name":"Kindergarten - Fuchsbauwagen","isPartOf":{"@id":"https:\/\/fuchsbauwagen.de\/#website"},"datePublished":"2022-04-26T14:45:43+00:00","dateModified":"2022-06-02T06:48:50+00:00","breadcrumb":{"@id":"https:\/\/fuchsbauwagen.de\/index.php\/kindergarten\/#breadcrumb"},"inLanguage":"de","potentialAction":[{"@type":"ReadAction","target":["https:\/\/fuchsbauwagen.de\/index.php\/kindergarten\/"]}]},{"@type":"BreadcrumbList","@id":"https:\/\/fuchsbauwagen.de\/index.php\/kindergarten\/#breadcrumb","itemListElement":[{"@type":"ListItem","position":1,"name":"Startseite","item":"https:\/\/fuchsbauwagen.de\/"},{"@type":"ListItem","position":2,"name":"Kindergarten"}]},{"@type":"WebSite","@id":"https:\/\/fuchsbauwagen.de\/#website","url":"https:\/\/fuchsbauwagen.de\/","name":"Fuchsbauwagen","description":"","publisher":{"@id":"https:\/\/fuchsbauwagen.de\/#organization"},"potentialAction":[{"@type":"SearchAction","target":{"@type":"EntryPoint","urlTemplate":"https:\/\/fuchsbauwagen.de\/?s={search_term_string}"},"query-input":"required name=search_term_string"}],"inLanguage":"de"},{"@type":"Organization","@id":"https:\/\/fuchsbauwagen.de\/#organization","name":"Fuchsbauwagen","url":"https:\/\/fuchsbauwagen.de\/","logo":{"@type":"ImageObject","inLanguage":"de","@id":"https:\/\/fuchsbauwagen.de\/#\/schema\/logo\/image\/","url":"https:\/\/i0.wp.com\/fuchsbauwagen.de\/wp-content\/uploads\/2022\/04\/fuchs-removebg-preview-3.png?fit=237%2C167&ssl=1","contentUrl":"https:\/\/i0.wp.com\/fuchsbauwagen.de\/wp-content\/uploads\/2022\/04\/fuchs-removebg-preview-3.png?fit=237%2C167&ssl=1","width":237,"height":167,"caption":"Fuchsbauwagen"},"image":{"@id":"https:\/\/fuchsbauwagen.de\/#\/schema\/logo\/image\/"}}]}},"jetpack_sharing_enabled":true,"_links":{"self":[{"href":"https:\/\/fuchsbauwagen.de\/index.php\/wp-json\/wp\/v2\/pages\/658","targetHints":{"allow":["GET"]}}],"collection":[{"href":"https:\/\/fuchsbauwagen.de\/index.php\/wp-json\/wp\/v2\/pages"}],"about":[{"href":"https:\/\/fuchsbauwagen.de\/index.php\/wp-json\/wp\/v2\/types\/page"}],"author":[{"embeddable":true,"href":"https:\/\/fuchsbauwagen.de\/index.php\/wp-json\/wp\/v2\/users\/1"}],"replies":[{"embeddable":true,"href":"https:\/\/fuchsbauwagen.de\/index.php\/wp-json\/wp\/v2\/comments?post=658"}],"version-history":[{"count":20,"href":"https:\/\/fuchsbauwagen.de\/index.php\/wp-json\/wp\/v2\/pages\/658\/revisions"}],"predecessor-version":[{"id":3084,"href":"https:\/\/fuchsbauwagen.de\/index.php\/wp-json\/wp\/v2\/pages\/658\/revisions\/3084"}],"wp:attachment":[{"href":"https:\/\/fuchsbauwagen.de\/index.php\/wp-json\/wp\/v2\/media?parent=658"}],"curies":[{"name":"wp","href":"https:\/\/api.w.org\/{rel}","templated":true}]}}